{"id":9845,"date":"2019-01-18T09:01:57","date_gmt":"2019-01-18T08:01:57","guid":{"rendered":"http:\/\/eurotrail.info\/producten\/bike-shelter-xl\/"},"modified":"2022-04-01T14:34:18","modified_gmt":"2022-04-01T13:34:18","slug":"bike-shelter-xl","status":"publish","type":"product","link":"https:\/\/eurotrail.info\/fr\/producten\/tentes\/tentes-de-bagages\/bike-shelter-xl\/","title":{"rendered":"Tente \u00e0 v\u00e9lo \/ bagages XL"},"content":{"rendered":"<p>Tente \u00e0 bagages XL \u00e0 fixer \u00e0 l&#8217;arri\u00e8re de votre caravane. La tente est \u00e9quip\u00e9e d&#8217;un bourrelet qui s&#8217;ins\u00e8re dans le profil \u00e0 l&#8217;arri\u00e8re de la caravane au-dessus de la fen\u00eatre, 2 arceaux et divers points de tension. Les 2 arceaux offrent un tr\u00e8s grand espace int\u00e9rieur avec suffisamment d&#8217;espace pour les v\u00e9los, les meubles de camping ou tout autre \u00e9quipement de camping. Prot\u00e8ge parfaitement contre la pluie et la salet\u00e9 en hors de vue ! Installation simple et rapide.<\/p>\n<p>Couleur gris.<\/p>\n<p><em><br \/>\nPATENT PENDING<\/em><\/p>\n<p>Dimensions : 170 x 190 x 180 cm<br \/>\nDimensions de l&#8217;emballage : 65 x 12 x 12 cm<br \/>\nMat\u00e9riau : 100% polyester<br \/>\nB\u00e2tons : arceaux en fibre de verre \u00d8 9,5 mm<br \/>\nPoids : 2,25 kg<\/p>\n","protected":false},"excerpt":{"rendered":"<p>Tente \u00e0 bagages XL \u00e0 fixer \u00e0 l&#8217;arri\u00e8re de votre caravane. La tente est \u00e9quip\u00e9e d&#8217;un bourrelet qui s&#8217;ins\u00e8re dans le profil \u00e0 l&#8217;arri\u00e8re de&hellip;<\/p>\n","protected":false},"featured_media":13007,"comment_status":"open","ping_status":"closed","template":"","meta":{"_acf_changed":false},"product_brand":[],"product_cat":[242,240,237,238,279],"product_tag":[],"class_list":{"0":"post-9845","1":"product","2":"type-product","3":"status-publish","4":"has-post-thumbnail","6":"product_cat-accessoires-caravane","7":"product_cat-auvents-de-caravane","8":"product_cat-caravane-camping-car-bus","9":"product_cat-tentes-caravan-camper","10":"product_cat-tentes-de-bagages","12":"first","13":"instock","14":"shipping-taxable","15":"product-type-simple"},"acf":[],"yoast_head":"<!-- This site is optimized with the Yoast SEO plugin v27.4 - https:\/\/yoast.com\/product\/yoast-seo-wordpress\/ -->\n<title>Tente \u00e0 v\u00e9lo \/ bagages XL - Eurotrail | The way we camp!<\/title>\n<meta name=\"description\" content=\"Tente \u00e0 bagages XL \u00e0 fixer \u00e0 l&#039;arri\u00e8re de votre caravane. \u00e9quip\u00e9e d&#039;un bourrelet qui s&#039;ins\u00e8re dans le profil \u00e0 l&#039;arri\u00e8re de la caravane.\" \/>\n<meta name=\"robots\" content=\"index, follow, max-snippet:-1, max-image-preview:large, max-video-preview:-1\" \/>\n<link rel=\"canonical\" href=\"https:\/\/eurotrail.info\/fr\/producten\/tentes\/tentes-de-bagages\/bike-shelter-xl\/\" \/>\n<meta property=\"og:locale\" content=\"fr_FR\" \/>\n<meta property=\"og:type\" content=\"article\" \/>\n<meta property=\"og:title\" content=\"Tente \u00e0 v\u00e9lo \/ bagages XL - Eurotrail | The way we camp!\" \/>\n<meta property=\"og:description\" content=\"Tente \u00e0 bagages XL \u00e0 fixer \u00e0 l&#039;arri\u00e8re de votre caravane. \u00e9quip\u00e9e d&#039;un bourrelet qui s&#039;ins\u00e8re dans le profil \u00e0 l&#039;arri\u00e8re de la caravane.\" \/>\n<meta property=\"og:url\" content=\"https:\/\/eurotrail.info\/fr\/producten\/tentes\/tentes-de-bagages\/bike-shelter-xl\/\" \/>\n<meta property=\"og:site_name\" content=\"Eurotrail | The way we camp!\" \/>\n<meta property=\"article:modified_time\" content=\"2022-04-01T13:34:18+00:00\" \/>\n<meta property=\"og:image\" content=\"https:\/\/eurotrail.info\/wp\/wp-content\/uploads\/2019\/01\/ETCT0098_0200_2.jpg\" \/>\n\t<meta property=\"og:image:width\" content=\"1772\" \/>\n\t<meta property=\"og:image:height\" content=\"1560\" \/>\n\t<meta property=\"og:image:type\" content=\"image\/jpeg\" \/>\n<meta name=\"twitter:card\" content=\"summary_large_image\" \/>\n<meta name=\"twitter:label1\" content=\"Dur\u00e9e de lecture estim\u00e9e\" \/>\n\t<meta name=\"twitter:data1\" content=\"1 minute\" \/>\n<script type=\"application\/ld+json\" class=\"yoast-schema-graph\">{\"@context\":\"https:\\\/\\\/schema.org\",\"@graph\":[{\"@type\":\"WebPage\",\"@id\":\"https:\\\/\\\/eurotrail.info\\\/fr\\\/producten\\\/tentes\\\/tentes-de-bagages\\\/bike-shelter-xl\\\/\",\"url\":\"https:\\\/\\\/eurotrail.info\\\/fr\\\/producten\\\/tentes\\\/tentes-de-bagages\\\/bike-shelter-xl\\\/\",\"name\":\"Tente \u00e0 v\u00e9lo \\\/ bagages XL - Eurotrail | The way we camp!\",\"isPartOf\":{\"@id\":\"https:\\\/\\\/eurotrail.info\\\/#website\"},\"primaryImageOfPage\":{\"@id\":\"https:\\\/\\\/eurotrail.info\\\/fr\\\/producten\\\/tentes\\\/tentes-de-bagages\\\/bike-shelter-xl\\\/#primaryimage\"},\"image\":{\"@id\":\"https:\\\/\\\/eurotrail.info\\\/fr\\\/producten\\\/tentes\\\/tentes-de-bagages\\\/bike-shelter-xl\\\/#primaryimage\"},\"thumbnailUrl\":\"https:\\\/\\\/eurotrail.info\\\/wp\\\/wp-content\\\/uploads\\\/2019\\\/01\\\/ETCT0098_0200_2.jpg\",\"datePublished\":\"2019-01-18T08:01:57+00:00\",\"dateModified\":\"2022-04-01T13:34:18+00:00\",\"description\":\"Tente \u00e0 bagages XL \u00e0 fixer \u00e0 l'arri\u00e8re de votre caravane. \u00e9quip\u00e9e d'un bourrelet qui s'ins\u00e8re dans le profil \u00e0 l'arri\u00e8re de la caravane.\",\"breadcrumb\":{\"@id\":\"https:\\\/\\\/eurotrail.info\\\/fr\\\/producten\\\/tentes\\\/tentes-de-bagages\\\/bike-shelter-xl\\\/#breadcrumb\"},\"inLanguage\":\"fr-FR\",\"potentialAction\":[{\"@type\":\"ReadAction\",\"target\":[\"https:\\\/\\\/eurotrail.info\\\/fr\\\/producten\\\/tentes\\\/tentes-de-bagages\\\/bike-shelter-xl\\\/\"]}]},{\"@type\":\"ImageObject\",\"inLanguage\":\"fr-FR\",\"@id\":\"https:\\\/\\\/eurotrail.info\\\/fr\\\/producten\\\/tentes\\\/tentes-de-bagages\\\/bike-shelter-xl\\\/#primaryimage\",\"url\":\"https:\\\/\\\/eurotrail.info\\\/wp\\\/wp-content\\\/uploads\\\/2019\\\/01\\\/ETCT0098_0200_2.jpg\",\"contentUrl\":\"https:\\\/\\\/eurotrail.info\\\/wp\\\/wp-content\\\/uploads\\\/2019\\\/01\\\/ETCT0098_0200_2.jpg\",\"width\":1772,\"height\":1560,\"caption\":\"Eurotrail bike shelter caravan\"},{\"@type\":\"BreadcrumbList\",\"@id\":\"https:\\\/\\\/eurotrail.info\\\/fr\\\/producten\\\/tentes\\\/tentes-de-bagages\\\/bike-shelter-xl\\\/#breadcrumb\",\"itemListElement\":[{\"@type\":\"ListItem\",\"position\":1,\"name\":\"Home\",\"item\":\"https:\\\/\\\/eurotrail.info\\\/fr\\\/\"},{\"@type\":\"ListItem\",\"position\":2,\"name\":\"Produits\",\"item\":\"https:\\\/\\\/eurotrail.info\\\/fr\\\/produits\\\/\"},{\"@type\":\"ListItem\",\"position\":3,\"name\":\"Tente \u00e0 v\u00e9lo \\\/ bagages XL\"}]},{\"@type\":\"WebSite\",\"@id\":\"https:\\\/\\\/eurotrail.info\\\/#website\",\"url\":\"https:\\\/\\\/eurotrail.info\\\/\",\"name\":\"Eurotrail | The way we camp!\",\"description\":\"\",\"publisher\":{\"@id\":\"https:\\\/\\\/eurotrail.info\\\/#organization\"},\"potentialAction\":[{\"@type\":\"SearchAction\",\"target\":{\"@type\":\"EntryPoint\",\"urlTemplate\":\"https:\\\/\\\/eurotrail.info\\\/?s={search_term_string}\"},\"query-input\":{\"@type\":\"PropertyValueSpecification\",\"valueRequired\":true,\"valueName\":\"search_term_string\"}}],\"inLanguage\":\"fr-FR\"},{\"@type\":\"Organization\",\"@id\":\"https:\\\/\\\/eurotrail.info\\\/#organization\",\"name\":\"Eurotrail | The way we camp!\",\"url\":\"https:\\\/\\\/eurotrail.info\\\/\",\"logo\":{\"@type\":\"ImageObject\",\"inLanguage\":\"fr-FR\",\"@id\":\"https:\\\/\\\/eurotrail.info\\\/#\\\/schema\\\/logo\\\/image\\\/\",\"url\":\"https:\\\/\\\/eurotrail.info\\\/wp\\\/wp-content\\\/uploads\\\/2023\\\/07\\\/ET-logo-quote_NL-scaled.jpg\",\"contentUrl\":\"https:\\\/\\\/eurotrail.info\\\/wp\\\/wp-content\\\/uploads\\\/2023\\\/07\\\/ET-logo-quote_NL-scaled.jpg\",\"width\":2560,\"height\":675,\"caption\":\"Eurotrail | The way we camp!\"},\"image\":{\"@id\":\"https:\\\/\\\/eurotrail.info\\\/#\\\/schema\\\/logo\\\/image\\\/\"}}]}<\/script>\n<!-- \/ Yoast SEO plugin. -->","yoast_head_json":{"title":"Tente \u00e0 v\u00e9lo \/ bagages XL - Eurotrail | The way we camp!","description":"Tente \u00e0 bagages XL \u00e0 fixer \u00e0 l'arri\u00e8re de votre caravane. \u00e9quip\u00e9e d'un bourrelet qui s'ins\u00e8re dans le profil \u00e0 l'arri\u00e8re de la caravane.","robots":{"index":"index","follow":"follow","max-snippet":"max-snippet:-1","max-image-preview":"max-image-preview:large","max-video-preview":"max-video-preview:-1"},"canonical":"https:\/\/eurotrail.info\/fr\/producten\/tentes\/tentes-de-bagages\/bike-shelter-xl\/","og_locale":"fr_FR","og_type":"article","og_title":"Tente \u00e0 v\u00e9lo \/ bagages XL - Eurotrail | The way we camp!","og_description":"Tente \u00e0 bagages XL \u00e0 fixer \u00e0 l'arri\u00e8re de votre caravane. \u00e9quip\u00e9e d'un bourrelet qui s'ins\u00e8re dans le profil \u00e0 l'arri\u00e8re de la caravane.","og_url":"https:\/\/eurotrail.info\/fr\/producten\/tentes\/tentes-de-bagages\/bike-shelter-xl\/","og_site_name":"Eurotrail | The way we camp!","article_modified_time":"2022-04-01T13:34:18+00:00","og_image":[{"width":1772,"height":1560,"url":"https:\/\/eurotrail.info\/wp\/wp-content\/uploads\/2019\/01\/ETCT0098_0200_2.jpg","type":"image\/jpeg"}],"twitter_card":"summary_large_image","twitter_misc":{"Dur\u00e9e de lecture estim\u00e9e":"1 minute"},"schema":{"@context":"https:\/\/schema.org","@graph":[{"@type":"WebPage","@id":"https:\/\/eurotrail.info\/fr\/producten\/tentes\/tentes-de-bagages\/bike-shelter-xl\/","url":"https:\/\/eurotrail.info\/fr\/producten\/tentes\/tentes-de-bagages\/bike-shelter-xl\/","name":"Tente \u00e0 v\u00e9lo \/ bagages XL - Eurotrail | The way we camp!","isPartOf":{"@id":"https:\/\/eurotrail.info\/#website"},"primaryImageOfPage":{"@id":"https:\/\/eurotrail.info\/fr\/producten\/tentes\/tentes-de-bagages\/bike-shelter-xl\/#primaryimage"},"image":{"@id":"https:\/\/eurotrail.info\/fr\/producten\/tentes\/tentes-de-bagages\/bike-shelter-xl\/#primaryimage"},"thumbnailUrl":"https:\/\/eurotrail.info\/wp\/wp-content\/uploads\/2019\/01\/ETCT0098_0200_2.jpg","datePublished":"2019-01-18T08:01:57+00:00","dateModified":"2022-04-01T13:34:18+00:00","description":"Tente \u00e0 bagages XL \u00e0 fixer \u00e0 l'arri\u00e8re de votre caravane. \u00e9quip\u00e9e d'un bourrelet qui s'ins\u00e8re dans le profil \u00e0 l'arri\u00e8re de la caravane.","breadcrumb":{"@id":"https:\/\/eurotrail.info\/fr\/producten\/tentes\/tentes-de-bagages\/bike-shelter-xl\/#breadcrumb"},"inLanguage":"fr-FR","potentialAction":[{"@type":"ReadAction","target":["https:\/\/eurotrail.info\/fr\/producten\/tentes\/tentes-de-bagages\/bike-shelter-xl\/"]}]},{"@type":"ImageObject","inLanguage":"fr-FR","@id":"https:\/\/eurotrail.info\/fr\/producten\/tentes\/tentes-de-bagages\/bike-shelter-xl\/#primaryimage","url":"https:\/\/eurotrail.info\/wp\/wp-content\/uploads\/2019\/01\/ETCT0098_0200_2.jpg","contentUrl":"https:\/\/eurotrail.info\/wp\/wp-content\/uploads\/2019\/01\/ETCT0098_0200_2.jpg","width":1772,"height":1560,"caption":"Eurotrail bike shelter caravan"},{"@type":"BreadcrumbList","@id":"https:\/\/eurotrail.info\/fr\/producten\/tentes\/tentes-de-bagages\/bike-shelter-xl\/#breadcrumb","itemListElement":[{"@type":"ListItem","position":1,"name":"Home","item":"https:\/\/eurotrail.info\/fr\/"},{"@type":"ListItem","position":2,"name":"Produits","item":"https:\/\/eurotrail.info\/fr\/produits\/"},{"@type":"ListItem","position":3,"name":"Tente \u00e0 v\u00e9lo \/ bagages XL"}]},{"@type":"WebSite","@id":"https:\/\/eurotrail.info\/#website","url":"https:\/\/eurotrail.info\/","name":"Eurotrail | The way we camp!","description":"","publisher":{"@id":"https:\/\/eurotrail.info\/#organization"},"potentialAction":[{"@type":"SearchAction","target":{"@type":"EntryPoint","urlTemplate":"https:\/\/eurotrail.info\/?s={search_term_string}"},"query-input":{"@type":"PropertyValueSpecification","valueRequired":true,"valueName":"search_term_string"}}],"inLanguage":"fr-FR"},{"@type":"Organization","@id":"https:\/\/eurotrail.info\/#organization","name":"Eurotrail | The way we camp!","url":"https:\/\/eurotrail.info\/","logo":{"@type":"ImageObject","inLanguage":"fr-FR","@id":"https:\/\/eurotrail.info\/#\/schema\/logo\/image\/","url":"https:\/\/eurotrail.info\/wp\/wp-content\/uploads\/2023\/07\/ET-logo-quote_NL-scaled.jpg","contentUrl":"https:\/\/eurotrail.info\/wp\/wp-content\/uploads\/2023\/07\/ET-logo-quote_NL-scaled.jpg","width":2560,"height":675,"caption":"Eurotrail | The way we camp!"},"image":{"@id":"https:\/\/eurotrail.info\/#\/schema\/logo\/image\/"}}]}},"_links":{"self":[{"href":"https:\/\/eurotrail.info\/fr\/wp-json\/wp\/v2\/product\/9845","targetHints":{"allow":["GET"]}}],"collection":[{"href":"https:\/\/eurotrail.info\/fr\/wp-json\/wp\/v2\/product"}],"about":[{"href":"https:\/\/eurotrail.info\/fr\/wp-json\/wp\/v2\/types\/product"}],"replies":[{"embeddable":true,"href":"https:\/\/eurotrail.info\/fr\/wp-json\/wp\/v2\/comments?post=9845"}],"wp:featuredmedia":[{"embeddable":true,"href":"https:\/\/eurotrail.info\/fr\/wp-json\/wp\/v2\/media\/13007"}],"wp:attachment":[{"href":"https:\/\/eurotrail.info\/fr\/wp-json\/wp\/v2\/media?parent=9845"}],"wp:term":[{"taxonomy":"product_brand","embeddable":true,"href":"https:\/\/eurotrail.info\/fr\/wp-json\/wp\/v2\/product_brand?post=9845"},{"taxonomy":"product_cat","embeddable":true,"href":"https:\/\/eurotrail.info\/fr\/wp-json\/wp\/v2\/product_cat?post=9845"},{"taxonomy":"product_tag","embeddable":true,"href":"https:\/\/eurotrail.info\/fr\/wp-json\/wp\/v2\/product_tag?post=9845"}],"curies":[{"name":"wp","href":"https:\/\/api.w.org\/{rel}","templated":true}]}}