{"id":9979,"date":"2020-01-30T09:36:57","date_gmt":"2020-01-30T08:36:57","guid":{"rendered":"https:\/\/eurotrail.info\/producten\/san-marino-air-tente-lautobus\/"},"modified":"2023-03-09T17:02:24","modified_gmt":"2023-03-09T16:02:24","slug":"san-marino-air-tente-lautobus","status":"publish","type":"product","link":"https:\/\/eurotrail.info\/fr\/producten\/caravane-camping-car-bus\/tentes-de-bus\/san-marino-air-tente-lautobus\/","title":{"rendered":"San Marino Air tente l&#8217;autobus (180-210)"},"content":{"rendered":"<p>Tente ind\u00e9pendante avec auvent au-dessus de l&#8217;entr\u00e9e. Construction simple au moyen du syst\u00e8me AirTube. Grandes fen\u00eatres verrouillables. De nombreuses options de ventilation. Porte d&#8217;entr\u00e9e spacieuse avec ventilation permanente. Toutes les portes ont une porte moustiquaire suppl\u00e9mentaire pour la ventilation et pour emp\u00eacher les insectes d&#8217;entrer. La tente a un tapis de sol enti\u00e8rement fixe pour emp\u00eacher l&#8217;eau et la salet\u00e9 d&#8217;entrer et est livr\u00e9e avec 2 AirTubes de stabilisation \/ temp\u00eate.<\/p>\n<p>L&#8217;auvent San Marino Air Bus (hauteur de raccordement 180-210 cm) dispose de diff\u00e9rentes options de connexion: double corde amovible 7,5 + 6 mm (pour l&#8217;auvent), avec la barre de toit ou avec velcro sur le rail de toit.<\/p>\n<p><a href=\"https:\/\/youtu.be\/O8R6OCXFYK4\">YouTube instructions de montage<\/a><\/p>\n<p>Mat\u00e9riau du toit 210D, colonne d&#8217;eau 5000 mm.<br \/>\nMat\u00e9riau du mur: Polyester 185T, colonne d&#8217;eau 3000 mm<br \/>\nTapis de sol: feuille PE<br \/>\nTaille: 250x300x225cm,<br \/>\nEmball\u00e9: 75x40x30cm.<br \/>\nPoids: 21,5 kg.<\/p>\n","protected":false},"excerpt":{"rendered":"<p>Tente ind\u00e9pendante avec auvent au-dessus de l&#8217;entr\u00e9e. Construction simple au moyen du syst\u00e8me AirTube. Grandes fen\u00eatres verrouillables. De nombreuses options de ventilation. Porte d&#8217;entr\u00e9e spacieuse&hellip;<\/p>\n","protected":false},"featured_media":9986,"comment_status":"open","ping_status":"closed","template":"","meta":{"_acf_changed":false},"product_brand":[],"product_cat":[237,239],"product_tag":[],"class_list":{"0":"post-9979","1":"product","2":"type-product","3":"status-publish","4":"has-post-thumbnail","6":"product_cat-caravane-camping-car-bus","7":"product_cat-tentes-de-bus","9":"first","10":"instock","11":"shipping-taxable","12":"product-type-simple"},"acf":[],"yoast_head":"<!-- This site is optimized with the Yoast SEO plugin v27.4 - https:\/\/yoast.com\/product\/yoast-seo-wordpress\/ -->\n<title>San Marino Air tente l&#039;autobus (180-210) - Eurotrail | The way we camp!<\/title>\n<meta name=\"description\" content=\"Tente l&#039;autobus avec syst\u00e8me de gonflage AirTube. Incl. 2 Air Tubes de temp\u00eate. Tapis de sol fixe. (hauteur de connexion 180-210 cm)\" \/>\n<meta name=\"robots\" content=\"index, follow, max-snippet:-1, max-image-preview:large, max-video-preview:-1\" \/>\n<link rel=\"canonical\" href=\"https:\/\/eurotrail.info\/fr\/producten\/caravane-camping-car-bus\/tentes-de-bus\/san-marino-air-tente-lautobus\/\" \/>\n<meta property=\"og:locale\" content=\"fr_FR\" \/>\n<meta property=\"og:type\" content=\"article\" \/>\n<meta property=\"og:title\" content=\"San Marino Air tente l&#039;autobus (180-210) - Eurotrail | The way we camp!\" \/>\n<meta property=\"og:description\" content=\"Tente l&#039;autobus avec syst\u00e8me de gonflage AirTube. Incl. 2 Air Tubes de temp\u00eate. Tapis de sol fixe. (hauteur de connexion 180-210 cm)\" \/>\n<meta property=\"og:url\" content=\"https:\/\/eurotrail.info\/fr\/producten\/caravane-camping-car-bus\/tentes-de-bus\/san-marino-air-tente-lautobus\/\" \/>\n<meta property=\"og:site_name\" content=\"Eurotrail | The way we camp!\" \/>\n<meta property=\"article:modified_time\" content=\"2023-03-09T16:02:24+00:00\" \/>\n<meta property=\"og:image\" content=\"https:\/\/eurotrail.info\/wp\/wp-content\/uploads\/2020\/01\/ETCT0172-San-Marino-Air-Set-20-1280x811.jpg\" \/>\n\t<meta property=\"og:image:width\" content=\"1280\" \/>\n\t<meta property=\"og:image:height\" content=\"811\" \/>\n\t<meta property=\"og:image:type\" content=\"image\/jpeg\" \/>\n<meta name=\"twitter:card\" content=\"summary_large_image\" \/>\n<meta name=\"twitter:label1\" content=\"Dur\u00e9e de lecture estim\u00e9e\" \/>\n\t<meta name=\"twitter:data1\" content=\"1 minute\" \/>\n<script type=\"application\/ld+json\" class=\"yoast-schema-graph\">{\"@context\":\"https:\\\/\\\/schema.org\",\"@graph\":[{\"@type\":\"WebPage\",\"@id\":\"https:\\\/\\\/eurotrail.info\\\/fr\\\/producten\\\/caravane-camping-car-bus\\\/tentes-de-bus\\\/san-marino-air-tente-lautobus\\\/\",\"url\":\"https:\\\/\\\/eurotrail.info\\\/fr\\\/producten\\\/caravane-camping-car-bus\\\/tentes-de-bus\\\/san-marino-air-tente-lautobus\\\/\",\"name\":\"San Marino Air tente l'autobus (180-210) - Eurotrail | The way we camp!\",\"isPartOf\":{\"@id\":\"https:\\\/\\\/eurotrail.info\\\/#website\"},\"primaryImageOfPage\":{\"@id\":\"https:\\\/\\\/eurotrail.info\\\/fr\\\/producten\\\/caravane-camping-car-bus\\\/tentes-de-bus\\\/san-marino-air-tente-lautobus\\\/#primaryimage\"},\"image\":{\"@id\":\"https:\\\/\\\/eurotrail.info\\\/fr\\\/producten\\\/caravane-camping-car-bus\\\/tentes-de-bus\\\/san-marino-air-tente-lautobus\\\/#primaryimage\"},\"thumbnailUrl\":\"https:\\\/\\\/eurotrail.info\\\/wp\\\/wp-content\\\/uploads\\\/2020\\\/01\\\/ETCT0172-San-Marino-Air-Set-20.jpg\",\"datePublished\":\"2020-01-30T08:36:57+00:00\",\"dateModified\":\"2023-03-09T16:02:24+00:00\",\"description\":\"Tente l'autobus avec syst\u00e8me de gonflage AirTube. Incl. 2 Air Tubes de temp\u00eate. Tapis de sol fixe. (hauteur de connexion 180-210 cm)\",\"breadcrumb\":{\"@id\":\"https:\\\/\\\/eurotrail.info\\\/fr\\\/producten\\\/caravane-camping-car-bus\\\/tentes-de-bus\\\/san-marino-air-tente-lautobus\\\/#breadcrumb\"},\"inLanguage\":\"fr-FR\",\"potentialAction\":[{\"@type\":\"ReadAction\",\"target\":[\"https:\\\/\\\/eurotrail.info\\\/fr\\\/producten\\\/caravane-camping-car-bus\\\/tentes-de-bus\\\/san-marino-air-tente-lautobus\\\/\"]}]},{\"@type\":\"ImageObject\",\"inLanguage\":\"fr-FR\",\"@id\":\"https:\\\/\\\/eurotrail.info\\\/fr\\\/producten\\\/caravane-camping-car-bus\\\/tentes-de-bus\\\/san-marino-air-tente-lautobus\\\/#primaryimage\",\"url\":\"https:\\\/\\\/eurotrail.info\\\/wp\\\/wp-content\\\/uploads\\\/2020\\\/01\\\/ETCT0172-San-Marino-Air-Set-20.jpg\",\"contentUrl\":\"https:\\\/\\\/eurotrail.info\\\/wp\\\/wp-content\\\/uploads\\\/2020\\\/01\\\/ETCT0172-San-Marino-Air-Set-20.jpg\",\"width\":1514,\"height\":959},{\"@type\":\"BreadcrumbList\",\"@id\":\"https:\\\/\\\/eurotrail.info\\\/fr\\\/producten\\\/caravane-camping-car-bus\\\/tentes-de-bus\\\/san-marino-air-tente-lautobus\\\/#breadcrumb\",\"itemListElement\":[{\"@type\":\"ListItem\",\"position\":1,\"name\":\"Home\",\"item\":\"https:\\\/\\\/eurotrail.info\\\/fr\\\/\"},{\"@type\":\"ListItem\",\"position\":2,\"name\":\"Produits\",\"item\":\"https:\\\/\\\/eurotrail.info\\\/fr\\\/produits\\\/\"},{\"@type\":\"ListItem\",\"position\":3,\"name\":\"San Marino Air tente l&#8217;autobus (180-210)\"}]},{\"@type\":\"WebSite\",\"@id\":\"https:\\\/\\\/eurotrail.info\\\/#website\",\"url\":\"https:\\\/\\\/eurotrail.info\\\/\",\"name\":\"Eurotrail | The way we camp!\",\"description\":\"\",\"publisher\":{\"@id\":\"https:\\\/\\\/eurotrail.info\\\/#organization\"},\"potentialAction\":[{\"@type\":\"SearchAction\",\"target\":{\"@type\":\"EntryPoint\",\"urlTemplate\":\"https:\\\/\\\/eurotrail.info\\\/?s={search_term_string}\"},\"query-input\":{\"@type\":\"PropertyValueSpecification\",\"valueRequired\":true,\"valueName\":\"search_term_string\"}}],\"inLanguage\":\"fr-FR\"},{\"@type\":\"Organization\",\"@id\":\"https:\\\/\\\/eurotrail.info\\\/#organization\",\"name\":\"Eurotrail | The way we camp!\",\"url\":\"https:\\\/\\\/eurotrail.info\\\/\",\"logo\":{\"@type\":\"ImageObject\",\"inLanguage\":\"fr-FR\",\"@id\":\"https:\\\/\\\/eurotrail.info\\\/#\\\/schema\\\/logo\\\/image\\\/\",\"url\":\"https:\\\/\\\/eurotrail.info\\\/wp\\\/wp-content\\\/uploads\\\/2023\\\/07\\\/ET-logo-quote_NL-scaled.jpg\",\"contentUrl\":\"https:\\\/\\\/eurotrail.info\\\/wp\\\/wp-content\\\/uploads\\\/2023\\\/07\\\/ET-logo-quote_NL-scaled.jpg\",\"width\":2560,\"height\":675,\"caption\":\"Eurotrail | The way we camp!\"},\"image\":{\"@id\":\"https:\\\/\\\/eurotrail.info\\\/#\\\/schema\\\/logo\\\/image\\\/\"}}]}<\/script>\n<!-- \/ Yoast SEO plugin. -->","yoast_head_json":{"title":"San Marino Air tente l'autobus (180-210) - Eurotrail | The way we camp!","description":"Tente l'autobus avec syst\u00e8me de gonflage AirTube. Incl. 2 Air Tubes de temp\u00eate. Tapis de sol fixe. (hauteur de connexion 180-210 cm)","robots":{"index":"index","follow":"follow","max-snippet":"max-snippet:-1","max-image-preview":"max-image-preview:large","max-video-preview":"max-video-preview:-1"},"canonical":"https:\/\/eurotrail.info\/fr\/producten\/caravane-camping-car-bus\/tentes-de-bus\/san-marino-air-tente-lautobus\/","og_locale":"fr_FR","og_type":"article","og_title":"San Marino Air tente l'autobus (180-210) - Eurotrail | The way we camp!","og_description":"Tente l'autobus avec syst\u00e8me de gonflage AirTube. Incl. 2 Air Tubes de temp\u00eate. Tapis de sol fixe. (hauteur de connexion 180-210 cm)","og_url":"https:\/\/eurotrail.info\/fr\/producten\/caravane-camping-car-bus\/tentes-de-bus\/san-marino-air-tente-lautobus\/","og_site_name":"Eurotrail | The way we camp!","article_modified_time":"2023-03-09T16:02:24+00:00","og_image":[{"width":1280,"height":811,"url":"https:\/\/eurotrail.info\/wp\/wp-content\/uploads\/2020\/01\/ETCT0172-San-Marino-Air-Set-20-1280x811.jpg","type":"image\/jpeg"}],"twitter_card":"summary_large_image","twitter_misc":{"Dur\u00e9e de lecture estim\u00e9e":"1 minute"},"schema":{"@context":"https:\/\/schema.org","@graph":[{"@type":"WebPage","@id":"https:\/\/eurotrail.info\/fr\/producten\/caravane-camping-car-bus\/tentes-de-bus\/san-marino-air-tente-lautobus\/","url":"https:\/\/eurotrail.info\/fr\/producten\/caravane-camping-car-bus\/tentes-de-bus\/san-marino-air-tente-lautobus\/","name":"San Marino Air tente l'autobus (180-210) - Eurotrail | The way we camp!","isPartOf":{"@id":"https:\/\/eurotrail.info\/#website"},"primaryImageOfPage":{"@id":"https:\/\/eurotrail.info\/fr\/producten\/caravane-camping-car-bus\/tentes-de-bus\/san-marino-air-tente-lautobus\/#primaryimage"},"image":{"@id":"https:\/\/eurotrail.info\/fr\/producten\/caravane-camping-car-bus\/tentes-de-bus\/san-marino-air-tente-lautobus\/#primaryimage"},"thumbnailUrl":"https:\/\/eurotrail.info\/wp\/wp-content\/uploads\/2020\/01\/ETCT0172-San-Marino-Air-Set-20.jpg","datePublished":"2020-01-30T08:36:57+00:00","dateModified":"2023-03-09T16:02:24+00:00","description":"Tente l'autobus avec syst\u00e8me de gonflage AirTube. Incl. 2 Air Tubes de temp\u00eate. Tapis de sol fixe. (hauteur de connexion 180-210 cm)","breadcrumb":{"@id":"https:\/\/eurotrail.info\/fr\/producten\/caravane-camping-car-bus\/tentes-de-bus\/san-marino-air-tente-lautobus\/#breadcrumb"},"inLanguage":"fr-FR","potentialAction":[{"@type":"ReadAction","target":["https:\/\/eurotrail.info\/fr\/producten\/caravane-camping-car-bus\/tentes-de-bus\/san-marino-air-tente-lautobus\/"]}]},{"@type":"ImageObject","inLanguage":"fr-FR","@id":"https:\/\/eurotrail.info\/fr\/producten\/caravane-camping-car-bus\/tentes-de-bus\/san-marino-air-tente-lautobus\/#primaryimage","url":"https:\/\/eurotrail.info\/wp\/wp-content\/uploads\/2020\/01\/ETCT0172-San-Marino-Air-Set-20.jpg","contentUrl":"https:\/\/eurotrail.info\/wp\/wp-content\/uploads\/2020\/01\/ETCT0172-San-Marino-Air-Set-20.jpg","width":1514,"height":959},{"@type":"BreadcrumbList","@id":"https:\/\/eurotrail.info\/fr\/producten\/caravane-camping-car-bus\/tentes-de-bus\/san-marino-air-tente-lautobus\/#breadcrumb","itemListElement":[{"@type":"ListItem","position":1,"name":"Home","item":"https:\/\/eurotrail.info\/fr\/"},{"@type":"ListItem","position":2,"name":"Produits","item":"https:\/\/eurotrail.info\/fr\/produits\/"},{"@type":"ListItem","position":3,"name":"San Marino Air tente l&#8217;autobus (180-210)"}]},{"@type":"WebSite","@id":"https:\/\/eurotrail.info\/#website","url":"https:\/\/eurotrail.info\/","name":"Eurotrail | The way we camp!","description":"","publisher":{"@id":"https:\/\/eurotrail.info\/#organization"},"potentialAction":[{"@type":"SearchAction","target":{"@type":"EntryPoint","urlTemplate":"https:\/\/eurotrail.info\/?s={search_term_string}"},"query-input":{"@type":"PropertyValueSpecification","valueRequired":true,"valueName":"search_term_string"}}],"inLanguage":"fr-FR"},{"@type":"Organization","@id":"https:\/\/eurotrail.info\/#organization","name":"Eurotrail | The way we camp!","url":"https:\/\/eurotrail.info\/","logo":{"@type":"ImageObject","inLanguage":"fr-FR","@id":"https:\/\/eurotrail.info\/#\/schema\/logo\/image\/","url":"https:\/\/eurotrail.info\/wp\/wp-content\/uploads\/2023\/07\/ET-logo-quote_NL-scaled.jpg","contentUrl":"https:\/\/eurotrail.info\/wp\/wp-content\/uploads\/2023\/07\/ET-logo-quote_NL-scaled.jpg","width":2560,"height":675,"caption":"Eurotrail | The way we camp!"},"image":{"@id":"https:\/\/eurotrail.info\/#\/schema\/logo\/image\/"}}]}},"_links":{"self":[{"href":"https:\/\/eurotrail.info\/fr\/wp-json\/wp\/v2\/product\/9979","targetHints":{"allow":["GET"]}}],"collection":[{"href":"https:\/\/eurotrail.info\/fr\/wp-json\/wp\/v2\/product"}],"about":[{"href":"https:\/\/eurotrail.info\/fr\/wp-json\/wp\/v2\/types\/product"}],"replies":[{"embeddable":true,"href":"https:\/\/eurotrail.info\/fr\/wp-json\/wp\/v2\/comments?post=9979"}],"wp:featuredmedia":[{"embeddable":true,"href":"https:\/\/eurotrail.info\/fr\/wp-json\/wp\/v2\/media\/9986"}],"wp:attachment":[{"href":"https:\/\/eurotrail.info\/fr\/wp-json\/wp\/v2\/media?parent=9979"}],"wp:term":[{"taxonomy":"product_brand","embeddable":true,"href":"https:\/\/eurotrail.info\/fr\/wp-json\/wp\/v2\/product_brand?post=9979"},{"taxonomy":"product_cat","embeddable":true,"href":"https:\/\/eurotrail.info\/fr\/wp-json\/wp\/v2\/product_cat?post=9979"},{"taxonomy":"product_tag","embeddable":true,"href":"https:\/\/eurotrail.info\/fr\/wp-json\/wp\/v2\/product_tag?post=9979"}],"curies":[{"name":"wp","href":"https:\/\/api.w.org\/{rel}","templated":true}]}}